{"id":4896,"date":"2025-03-17T11:43:30","date_gmt":"2025-03-17T10:43:30","guid":{"rendered":"https:\/\/creationdaccord.ch\/?post_type=product&#038;p=4896"},"modified":"2025-12-21T11:41:42","modified_gmt":"2025-12-21T10:41:42","slug":"eine-ueberstroemende-liebe","status":"publish","type":"product","link":"https:\/\/creationdaccord.ch\/de\/produit\/eine-ueberstroemende-liebe\/","title":{"rendered":"Eine \u00fcberstr\u00f6mende Liebe"},"content":{"rendered":"<p>Du kannst den Philipperbrief lesen, als w\u00e4re er an dich gerichtet, und herausfinden, was er dir f\u00fcr dein t\u00e4gliches Leben lehrt. Deine Beziehungen zu anderen Menschen und zu Gott werden dadurch bereichert!<\/p>\n<p>Kann allein, in der Gruppe oder in der Familie verwendet werden.<\/p>\n<p>Hilfe, um die Bibel zu lesen und zu entdecken, was der Herr dir f\u00fcr dein t\u00e4gliches praktisches Leben sagen will.<\/p>\n","protected":false},"excerpt":{"rendered":"<p>Du kannst den Philipperbrief lesen, als w\u00e4re er an dich gerichtet, und herausfinden, was er dir f\u00fcr dein t\u00e4gliches Leben lehrt. Deine Beziehungen zu anderen Menschen und zu Gott werden dadurch bereichert! Kann allein, in der Gruppe oder in der Familie verwendet werden. Hilfe, um&#8230;<\/p>\n","protected":false},"featured_media":5552,"comment_status":"open","ping_status":"closed","template":"","meta":[],"product_brand":[],"product_cat":[79],"product_tag":[134,131],"class_list":{"0":"post-4896","1":"product","2":"type-product","3":"status-publish","4":"has-post-thumbnail","6":"product_cat-fur-sie","7":"product_tag-duo","8":"product_tag-liebe","10":"first","11":"instock","12":"taxable","13":"shipping-taxable","14":"purchasable","15":"product-type-simple"},"_links":{"self":[{"href":"https:\/\/creationdaccord.ch\/de\/wp-json\/wp\/v2\/product\/4896","targetHints":{"allow":["GET"]}}],"collection":[{"href":"https:\/\/creationdaccord.ch\/de\/wp-json\/wp\/v2\/product"}],"about":[{"href":"https:\/\/creationdaccord.ch\/de\/wp-json\/wp\/v2\/types\/product"}],"replies":[{"embeddable":true,"href":"https:\/\/creationdaccord.ch\/de\/wp-json\/wp\/v2\/comments?post=4896"}],"wp:featuredmedia":[{"embeddable":true,"href":"https:\/\/creationdaccord.ch\/de\/wp-json\/wp\/v2\/media\/5552"}],"wp:attachment":[{"href":"https:\/\/creationdaccord.ch\/de\/wp-json\/wp\/v2\/media?parent=4896"}],"wp:term":[{"taxonomy":"product_brand","embeddable":true,"href":"https:\/\/creationdaccord.ch\/de\/wp-json\/wp\/v2\/product_brand?post=4896"},{"taxonomy":"product_cat","embeddable":true,"href":"https:\/\/creationdaccord.ch\/de\/wp-json\/wp\/v2\/product_cat?post=4896"},{"taxonomy":"product_tag","embeddable":true,"href":"https:\/\/creationdaccord.ch\/de\/wp-json\/wp\/v2\/product_tag?post=4896"}],"curies":[{"name":"wp","href":"https:\/\/api.w.org\/{rel}","templated":true}]}}