{"id":4903,"date":"2024-04-29T10:25:49","date_gmt":"2024-04-29T08:25:49","guid":{"rendered":"https:\/\/creationdaccord.ch\/?post_type=product&#038;p=4903"},"modified":"2026-05-03T20:51:32","modified_gmt":"2026-05-03T18:51:32","slug":"eine-frau-von-unschaetzbarem-wert","status":"publish","type":"product","link":"https:\/\/creationdaccord.ch\/de\/produit\/eine-frau-von-unschaetzbarem-wert\/","title":{"rendered":"Eine Frau von unsch\u00e4tzbarem Wert"},"content":{"rendered":"<p>Begegne der wertvollen Frau in Spr\u00fcche 31. Ein B\u00fcchlein, geschrieben f\u00fcr Frauen,<br \/>\ndie diese vorbildliche Frau kennenlernen, ihre Qualit\u00e4ten entdecken und sie zum<br \/>\nVorbild nehmen wollen!<br \/>\nEin Heft f\u00fcr den Alltag. Allein, in Gruppen oder als Familie zu lesen.<br \/>\n17X24 Heft-Buch mit Umschlag aus angenehmen Naturhalbkarton.<\/p>\n","protected":false},"excerpt":{"rendered":"<p>Begegne der wertvollen Frau in Spr\u00fcche 31. Ein B\u00fcchlein, geschrieben f\u00fcr Frauen, die diese vorbildliche Frau kennenlernen, ihre Qualit\u00e4ten entdecken und sie zum Vorbild nehmen wollen! Ein Heft f\u00fcr den Alltag. Allein, in Gruppen oder als Familie zu lesen. 17X24 Heft-Buch mit Umschlag aus angenehmen&#8230;<\/p>\n","protected":false},"featured_media":5550,"comment_status":"open","ping_status":"closed","template":"","meta":[],"product_brand":[],"product_cat":[79],"product_tag":[136,135],"class_list":{"0":"post-4903","1":"product","2":"type-product","3":"status-publish","4":"has-post-thumbnail","6":"product_cat-fur-sie","7":"product_tag-die-bibel-in-altag","8":"product_tag-frauen","10":"first","11":"instock","12":"taxable","13":"shipping-taxable","14":"purchasable","15":"product-type-simple"},"_links":{"self":[{"href":"https:\/\/creationdaccord.ch\/de\/wp-json\/wp\/v2\/product\/4903","targetHints":{"allow":["GET"]}}],"collection":[{"href":"https:\/\/creationdaccord.ch\/de\/wp-json\/wp\/v2\/product"}],"about":[{"href":"https:\/\/creationdaccord.ch\/de\/wp-json\/wp\/v2\/types\/product"}],"replies":[{"embeddable":true,"href":"https:\/\/creationdaccord.ch\/de\/wp-json\/wp\/v2\/comments?post=4903"}],"wp:featuredmedia":[{"embeddable":true,"href":"https:\/\/creationdaccord.ch\/de\/wp-json\/wp\/v2\/media\/5550"}],"wp:attachment":[{"href":"https:\/\/creationdaccord.ch\/de\/wp-json\/wp\/v2\/media?parent=4903"}],"wp:term":[{"taxonomy":"product_brand","embeddable":true,"href":"https:\/\/creationdaccord.ch\/de\/wp-json\/wp\/v2\/product_brand?post=4903"},{"taxonomy":"product_cat","embeddable":true,"href":"https:\/\/creationdaccord.ch\/de\/wp-json\/wp\/v2\/product_cat?post=4903"},{"taxonomy":"product_tag","embeddable":true,"href":"https:\/\/creationdaccord.ch\/de\/wp-json\/wp\/v2\/product_tag?post=4903"}],"curies":[{"name":"wp","href":"https:\/\/api.w.org\/{rel}","templated":true}]}}