{"id":5508,"date":"2024-01-16T16:15:49","date_gmt":"2024-01-16T15:15:49","guid":{"rendered":"https:\/\/creationdaccord.ch\/?post_type=product&#038;p=5508"},"modified":"2026-04-22T20:25:14","modified_gmt":"2026-04-22T18:25:14","slug":"les-uns-les-autres","status":"publish","type":"product","link":"https:\/\/creationdaccord.ch\/de\/produit\/les-uns-les-autres\/","title":{"rendered":"Frauen im alten Testament"},"content":{"rendered":"<p>Die Frauen aus dem Alten Testament waren Frauen wie du und ich. Frauen, die Gott ganz praktisch in ihrem Alltag erlebten. Mit ihren Geschichten voller H\u00f6hen und Tiefen will der Herr dir wichtige Impulse f\u00fcr dein t\u00e4gliches Leben geben. Er w\u00fcnscht sich Herzen, die Ihm vertrauen und f\u00fcr Ihn schlagen!<br \/>\nDieses Arbeitsheft eignet sich f\u00fcr Frauengruppen, als Selbstudium, f\u00fcr Jungenabende, f\u00fcr Jugenfreizeiten, und als Familienandachten.<\/p>\n","protected":false},"excerpt":{"rendered":"<p>Die Frauen aus dem Alten Testament waren Frauen wie du und ich. Frauen, die Gott ganz praktisch in ihrem Alltag erlebten. Mit ihren Geschichten voller H\u00f6hen und Tiefen will der Herr dir wichtige Impulse f\u00fcr dein t\u00e4gliches Leben geben. Er w\u00fcnscht sich Herzen, die Ihm vertrauen und f\u00fcr Ihn schlagen!<br \/>\nDieses Arbeitsheft eignet sich f\u00fcr Frauengruppen, als Selbstudium, f\u00fcr Jungenabende, f\u00fcr Jugenfreizeiten, und als Familienandachten.<\/p>\n","protected":false},"featured_media":5554,"comment_status":"open","ping_status":"closed","template":"","meta":[],"product_brand":[],"product_cat":[79],"product_tag":[],"class_list":{"0":"post-5508","1":"product","2":"type-product","3":"status-publish","4":"has-post-thumbnail","6":"product_cat-fur-sie","8":"first","9":"instock","10":"featured","11":"purchasable","12":"product-type-simple"},"_links":{"self":[{"href":"https:\/\/creationdaccord.ch\/de\/wp-json\/wp\/v2\/product\/5508","targetHints":{"allow":["GET"]}}],"collection":[{"href":"https:\/\/creationdaccord.ch\/de\/wp-json\/wp\/v2\/product"}],"about":[{"href":"https:\/\/creationdaccord.ch\/de\/wp-json\/wp\/v2\/types\/product"}],"replies":[{"embeddable":true,"href":"https:\/\/creationdaccord.ch\/de\/wp-json\/wp\/v2\/comments?post=5508"}],"wp:featuredmedia":[{"embeddable":true,"href":"https:\/\/creationdaccord.ch\/de\/wp-json\/wp\/v2\/media\/5554"}],"wp:attachment":[{"href":"https:\/\/creationdaccord.ch\/de\/wp-json\/wp\/v2\/media?parent=5508"}],"wp:term":[{"taxonomy":"product_brand","embeddable":true,"href":"https:\/\/creationdaccord.ch\/de\/wp-json\/wp\/v2\/product_brand?post=5508"},{"taxonomy":"product_cat","embeddable":true,"href":"https:\/\/creationdaccord.ch\/de\/wp-json\/wp\/v2\/product_cat?post=5508"},{"taxonomy":"product_tag","embeddable":true,"href":"https:\/\/creationdaccord.ch\/de\/wp-json\/wp\/v2\/product_tag?post=5508"}],"curies":[{"name":"wp","href":"https:\/\/api.w.org\/{rel}","templated":true}]}}