{"id":5510,"date":"2024-01-28T16:20:37","date_gmt":"2024-01-28T15:20:37","guid":{"rendered":"https:\/\/creationdaccord.ch\/?post_type=product&#038;p=5510"},"modified":"2025-11-11T21:36:32","modified_gmt":"2025-11-11T20:36:32","slug":"les-uns-les-autres-2","status":"publish","type":"product","link":"https:\/\/creationdaccord.ch\/de\/produit\/les-uns-les-autres-2\/","title":{"rendered":"Miteinander und f\u00fcreinander leben"},"content":{"rendered":"<p>Das Leben besteht aus Beziehungen: Beziehungen im Alltag, Beziehungen innerhalb der Familie Gottes usw. &#8230;<br \/>\nUm all diese Beziehungen zu bew\u00e4ltigen, bist du nicht allein. Der Herr ist jeden Tag an deiner Seite.<br \/>\nDieses Heft ermutigt dich mithilfe zahlreicher Bibelstellen und Denkanst\u00f6\u00dfe, dich um deine Mitmenschen zu k\u00fcmmern.<br \/>\nder Menschen, die dich umgeben. Zum Lesen allein, in der Gruppe oder in der Familie.<\/p>\n","protected":false},"excerpt":{"rendered":"<p>Dieses Heft eignet sich sehr gut f\u00fcr Jugendabende, Jugendlager und auch f\u00fcr Familienandachten<\/p>\n","protected":false},"featured_media":5558,"comment_status":"open","ping_status":"closed","template":"","meta":[],"product_brand":[],"product_cat":[79],"product_tag":[],"class_list":{"0":"post-5510","1":"product","2":"type-product","3":"status-publish","4":"has-post-thumbnail","6":"product_cat-fur-sie","8":"first","9":"instock","10":"featured","11":"purchasable","12":"product-type-simple"},"_links":{"self":[{"href":"https:\/\/creationdaccord.ch\/de\/wp-json\/wp\/v2\/product\/5510","targetHints":{"allow":["GET"]}}],"collection":[{"href":"https:\/\/creationdaccord.ch\/de\/wp-json\/wp\/v2\/product"}],"about":[{"href":"https:\/\/creationdaccord.ch\/de\/wp-json\/wp\/v2\/types\/product"}],"replies":[{"embeddable":true,"href":"https:\/\/creationdaccord.ch\/de\/wp-json\/wp\/v2\/comments?post=5510"}],"wp:featuredmedia":[{"embeddable":true,"href":"https:\/\/creationdaccord.ch\/de\/wp-json\/wp\/v2\/media\/5558"}],"wp:attachment":[{"href":"https:\/\/creationdaccord.ch\/de\/wp-json\/wp\/v2\/media?parent=5510"}],"wp:term":[{"taxonomy":"product_brand","embeddable":true,"href":"https:\/\/creationdaccord.ch\/de\/wp-json\/wp\/v2\/product_brand?post=5510"},{"taxonomy":"product_cat","embeddable":true,"href":"https:\/\/creationdaccord.ch\/de\/wp-json\/wp\/v2\/product_cat?post=5510"},{"taxonomy":"product_tag","embeddable":true,"href":"https:\/\/creationdaccord.ch\/de\/wp-json\/wp\/v2\/product_tag?post=5510"}],"curies":[{"name":"wp","href":"https:\/\/api.w.org\/{rel}","templated":true}]}}