{"id":5587,"date":"2023-02-12T16:48:49","date_gmt":"2023-02-12T15:48:49","guid":{"rendered":"https:\/\/creationdaccord.ch\/?post_type=product&#038;p=5587"},"modified":"2024-04-30T11:20:39","modified_gmt":"2024-04-30T09:20:39","slug":"unterstuetzung-fuer-creation-daccord","status":"publish","type":"product","link":"https:\/\/creationdaccord.ch\/de\/produit\/unterstuetzung-fuer-creation-daccord\/","title":{"rendered":"Unterst\u00fctzung f\u00fcr Creation d&#8217;accord"},"content":{"rendered":"<p>W\u00e4hle die Anzahl der Tranchen von CHF 10, die du spenden m\u00f6chtest. Wir sagen dir schon jetzt ein grosses DANKESCH\u00d6N!<br \/>\nWenn du keine weiteren Eink\u00e4ufe get\u00e4tigt hast, w\u00e4hle die Option &#8222;Abholung in Sonceboz&#8220;, damit du f\u00fcr deine Spende kein Porto bezahlen musst \ud83d\ude09<\/p>\n","protected":false},"excerpt":{"rendered":"<p>W\u00e4hle die Anzahl der Tranchen von CHF 10, die du spenden m\u00f6chtest. Wir sagen dir schon jetzt ein grosses DANKESCH\u00d6N! Wenn du keine weiteren Eink\u00e4ufe get\u00e4tigt hast, w\u00e4hle die Option &#8222;Abholung in Sonceboz&#8220;, damit du f\u00fcr deine Spende kein Porto bezahlen musst \ud83d\ude09<\/p>\n","protected":false},"featured_media":4909,"comment_status":"open","ping_status":"closed","template":"","meta":[],"product_brand":[],"product_cat":[79],"product_tag":[],"class_list":{"0":"post-5587","1":"product","2":"type-product","3":"status-publish","4":"has-post-thumbnail","6":"product_cat-fur-sie","8":"first","9":"instock","10":"taxable","11":"shipping-taxable","12":"purchasable","13":"product-type-simple"},"_links":{"self":[{"href":"https:\/\/creationdaccord.ch\/de\/wp-json\/wp\/v2\/product\/5587","targetHints":{"allow":["GET"]}}],"collection":[{"href":"https:\/\/creationdaccord.ch\/de\/wp-json\/wp\/v2\/product"}],"about":[{"href":"https:\/\/creationdaccord.ch\/de\/wp-json\/wp\/v2\/types\/product"}],"replies":[{"embeddable":true,"href":"https:\/\/creationdaccord.ch\/de\/wp-json\/wp\/v2\/comments?post=5587"}],"wp:featuredmedia":[{"embeddable":true,"href":"https:\/\/creationdaccord.ch\/de\/wp-json\/wp\/v2\/media\/4909"}],"wp:attachment":[{"href":"https:\/\/creationdaccord.ch\/de\/wp-json\/wp\/v2\/media?parent=5587"}],"wp:term":[{"taxonomy":"product_brand","embeddable":true,"href":"https:\/\/creationdaccord.ch\/de\/wp-json\/wp\/v2\/product_brand?post=5587"},{"taxonomy":"product_cat","embeddable":true,"href":"https:\/\/creationdaccord.ch\/de\/wp-json\/wp\/v2\/product_cat?post=5587"},{"taxonomy":"product_tag","embeddable":true,"href":"https:\/\/creationdaccord.ch\/de\/wp-json\/wp\/v2\/product_tag?post=5587"}],"curies":[{"name":"wp","href":"https:\/\/api.w.org\/{rel}","templated":true}]}}