{"id":5761,"date":"2025-03-01T20:40:27","date_gmt":"2025-03-01T19:40:27","guid":{"rendered":"https:\/\/creationdaccord.ch\/?post_type=product&#038;p=5761"},"modified":"2025-11-19T11:44:32","modified_gmt":"2025-11-19T10:44:32","slug":"mein-jahr-2025-an-gottes-hand-mit-seinen","status":"publish","type":"product","link":"https:\/\/creationdaccord.ch\/de\/produit\/mein-jahr-2025-an-gottes-hand-mit-seinen\/","title":{"rendered":"Mein Jahr an Gottes Hand"},"content":{"rendered":"<p>Ein ganzes Jahr mit den Verhei\u00dfungen des Herrn,<br \/>\nein Kalender zum selber datieren,<br \/>\nkann zu jedem beliebigen Zeitpunkt des Jahres begonnen werden: zu Beginn des Schuljahres, im Januar oder wann auch immer.<br \/>\n&#8211; Jede Woche Bibelvers mit einer Verheissung<br \/>\n&#8211; Reflexionen, um die Bibel in unserem Alltag auszuleben<br \/>\n&#8211; 12 kreative Aktivit\u00e4ten, die man alleine oder in der Gruppe machen kann<br \/>\n&#8211; Jeder Monat als \u00dcbersicht auf einer Doppelseite.<\/p>\n<p>Das Hauptthema ist: Die Verhei\u00dfungen des Herrn in der Bibel <\/p>\n","protected":false},"excerpt":{"rendered":"<p>Ein Planer f\u00fcr deine Termine, aber vor allem auch ein Logbuch und ein Begleiter f\u00fcrs Bibellesen und f\u00fcr deine Gebete<\/p>\n","protected":false},"featured_media":5828,"comment_status":"open","ping_status":"closed","template":"","meta":[],"product_brand":[],"product_cat":[108,79],"product_tag":[],"class_list":{"0":"post-5761","1":"product","2":"type-product","3":"status-publish","4":"has-post-thumbnail","6":"product_cat-agenda-und-tagebuch","7":"product_cat-fur-sie","9":"first","10":"instock","11":"taxable","12":"shipping-taxable","13":"purchasable","14":"product-type-simple"},"_links":{"self":[{"href":"https:\/\/creationdaccord.ch\/de\/wp-json\/wp\/v2\/product\/5761","targetHints":{"allow":["GET"]}}],"collection":[{"href":"https:\/\/creationdaccord.ch\/de\/wp-json\/wp\/v2\/product"}],"about":[{"href":"https:\/\/creationdaccord.ch\/de\/wp-json\/wp\/v2\/types\/product"}],"replies":[{"embeddable":true,"href":"https:\/\/creationdaccord.ch\/de\/wp-json\/wp\/v2\/comments?post=5761"}],"wp:featuredmedia":[{"embeddable":true,"href":"https:\/\/creationdaccord.ch\/de\/wp-json\/wp\/v2\/media\/5828"}],"wp:attachment":[{"href":"https:\/\/creationdaccord.ch\/de\/wp-json\/wp\/v2\/media?parent=5761"}],"wp:term":[{"taxonomy":"product_brand","embeddable":true,"href":"https:\/\/creationdaccord.ch\/de\/wp-json\/wp\/v2\/product_brand?post=5761"},{"taxonomy":"product_cat","embeddable":true,"href":"https:\/\/creationdaccord.ch\/de\/wp-json\/wp\/v2\/product_cat?post=5761"},{"taxonomy":"product_tag","embeddable":true,"href":"https:\/\/creationdaccord.ch\/de\/wp-json\/wp\/v2\/product_tag?post=5761"}],"curies":[{"name":"wp","href":"https:\/\/api.w.org\/{rel}","templated":true}]}}